{"id":1,"date":"2019-09-02T07:23:47","date_gmt":"2019-09-02T07:23:47","guid":{"rendered":"http:\/\/www.odiconsultoria.com\/?p=1"},"modified":"2021-09-17T14:02:18","modified_gmt":"2021-09-17T21:02:18","slug":"getting-started","status":"publish","type":"page","link":"http:\/\/www.odiconsultoria.com\/","title":{"rendered":"Inicio"},"content":{"rendered":"<h1>Odi Consultor\u00eda<br \/>Su socio para el \u00e9xito<\/h1>\n<div>\n<p>Contabilidad, Asesor\u00eda Fiscal, Laboral&#8230;<\/p>\n<\/div>\n<p>\n    <a href=\"\/index.php?page_id=2\">Servicios<\/a>\n<\/p>\n<ul>\n<li>\n<p>        <img src=\"\/wp-content\/uploads\/yootheme\/services-01-tax-planning.svg\" alt=\"\"><\/p>\n<h2>Asesor\u00eda Fiscal<\/h2>\n<div>\n<p>Somos expertos en todos y cada uno de los temas relacionados con el \u00e1mbito de las contribuciones.<\/p>\n<\/div>\n<p><a href=\"\/index.php?page_id=23\"><\/a><\/p>\n<\/li>\n<li>\n<p>        <img src=\"\/wp-content\/uploads\/yootheme\/services-02-legal-advisory.svg\" alt=\"\"><\/p>\n<h2>Laboral<\/h2>\n<div>\n<p>Trabajar de la mano de las empresas para impulsar el cumplimiento de la normatividad laboral.<\/p>\n<\/div>\n<p><a href=\"\/index.php?page_id=22\"><\/a><\/p>\n<\/li>\n<li>\n<p>        <img src=\"\/wp-content\/uploads\/yootheme\/services-03-financial-services.svg\" alt=\"\"><\/p>\n<h2>Contabilidad<\/h2>\n<div>\n<p>Te ofrecemos la posibilidad de llevar de manera total la contabilidad de su negocio.<\/p>\n<\/div>\n<p><a href=\"\/index.php?page_id=21\"><\/a><\/p>\n<\/li>\n<li>\n<p>        <img src=\"\/wp-content\/uploads\/yootheme\/services-05-audit-and-assurance.svg\" alt=\"\"><\/p>\n<h2>Revisiones<\/h2>\n<div>\n<p>Nuestro equipo realizar\u00e1 revisiones con la finalidad de darle recomendaciones o soluciones para la operaci\u00f3n de la empresa.<\/p>\n<\/div>\n<p><a href=\"\/index.php?page_id=21\"><\/a><\/p>\n<\/li>\n<\/ul>\n<div>\n<h2>Haz un gran trabajo <br \/> con grandes personas<\/h2>\n<div>\n<p>La solidez de nuestra organizaci\u00f3n le garantiza una estricta confidencialidad, honestidad, respeto lealtad y cumplimiento de los compromisos adquiridos al momento de firmar con nosotros.<\/p>\n<\/div>\n<p><a href=\"\/index.php?page_id=4\">Nosotros<\/a><\/p>\n<\/div>\n<div>\n<h2>Por qu\u00e9 deber\u00eda elegirnos<\/h2>\n<div>\n<p>En Odi consultor\u00eda nos preocupamos por el bienestar de tu empresa<\/p>\n<\/div>\n<p><a href=\"\/index.php?page_id=4\">Compa\u00f1\u00eda<\/a><\/p>\n<\/div>\n<div>16<\/div>\n<div>A\u00f1os de experiencia <br \/>en el \u00e1rea contable<\/div>\n<h2>Obtenga una consulta personal<\/h2>\n<div>\n<p>TOMA una buena decisi\u00f3n HOY para dejar de preocuparte MA\u00d1ANA.<\/p>\n<\/div>\n<ul>\n<li>\n        <a href=\"\/index.php?page_id=19\">Contactanos<\/a>\n    <\/li>\n<li>\n        <a href=\"tel:+52 686 477 3105\">+52 686 477 3105<\/a>\n    <\/li>\n<\/ul>\n<h2>Men\u00fa<\/h2>\n<ul>\n<li>\n<p><a href=\"\/index.php?page_id=1\"><\/p>\n<p>Inicio<\/p>\n<p><\/a><\/p>\n<\/li>\n<li>\n<p><a href=\"\/index.php?page_id=2\"><\/p>\n<p>Servicios<\/p>\n<p><\/a><\/p>\n<\/li>\n<li>\n<p><a href=\"\/index.php?page_id=6\"><\/p>\n<p>Misi\u00f3n y Visi\u00f3n<\/p>\n<p><\/a><\/p>\n<\/li>\n<li>\n<p><a href=\"\/index.php?page_id=4\"><\/p>\n<p>Nosotros<\/p>\n<p><\/a><\/p>\n<\/li>\n<\/ul>\n<h2>Nuestros Servicios<\/h2>\n<ul>\n<li>\n<p><a href=\"\/index.php?page_id=22\"><\/p>\n<p>Laboral<\/p>\n<p><\/a><\/p>\n<\/li>\n<li>\n<p><a href=\"\/index.php?page_id=21\"><\/p>\n<p>Contabilidad<\/p>\n<p><\/a><\/p>\n<\/li>\n<li>\n<p><a href=\"\/index.php?page_id=23\"><\/p>\n<p>Asesor\u00eda Fiscal<\/p>\n<p><\/a><\/p>\n<\/li>\n<\/ul>\n<h2>S\u00edguenos<\/h2>\n<ul>\n<li><a href=\"https:\/\/www.facebook.com\/ODI-Consultoria-157591436038470\">facebook<\/a>\n<\/li>\n<li><a href=\"https:\/\/www.instagram.com\/odiconsultoria\/\">instagram<\/a>\n<\/li>\n<\/ul>\n<h2>ODI Consultor\u00eda<\/h2>\n<div>\n<p>Soluciones innovadoras para hacer avanzar su negocio<\/p>\n<\/div>\n<p><!--more--><br \/>\n<!-- {\"name\":\"Home\",\"type\":\"layout\",\"children\":[{\"name\":\"Hero\",\"type\":\"section\",\"props\":{\"width\":\"expand\",\"padding\":\"small\",\"style\":\"secondary\",\"media\":\"images\\\/home-header.jpg\",\"height_viewport\":true,\"header_overlay\":\"light\",\"image\":\"wp-content\\\/uploads\\\/yootheme\\\/careers-cta-bg.jpg\",\"media_advanced\":true,\"image_size\":\"cover\",\"media_background\":null,\"media_overlay\":null,\"animation\":\"fade\",\"image_position\":\"top-center\",\"vertical_align\":\"middle\",\"title_position\":\"top-left\",\"title_rotation\":\"left\",\"title_breakpoint\":\"xl\",\"image_width\":\"1560\"},\"children\":[{\"name\":\"\",\"type\":\"row\",\"props\":{\"layout\":\"large,expand\",\"match\":false,\"vertical_align\":false,\"divider\":false,\"column_gap\":\"collapse\",\"row_gap\":\"collapse\"},\"children\":[{\"name\":\"\",\"type\":\"column\",\"props\":{\"image_position\":\"center-center\",\"style\":\"secondary\",\"padding\":\"xlarge\",\"preserve_color\":false,\"media_overlay_gradient\":\"\",\"width_medium\":\"2xlarge\"},\"children\":[{\"name\":\"\",\"type\":\"headline\",\"props\":{\"title_element\":\"h1\",\"content\":\"Odi Consultor\\u00eda<br \\\/>Su socio para el \\u00e9xito\",\"title_style\":\"h2\",\"margin_remove_bottom\":true,\"maxwidth\":\"large\",\"block_align\":\"center\"}},{\"name\":\"\",\"type\":\"text\",\"props\":{\"margin\":\"small\",\"column_breakpoint\":\"m\",\"content\":\"\n\n<p>Contabilidad, Asesor\\u00eda Fiscal, Laboral...<\\\/p>\",\"maxwidth\":\"large\",\"block_align\":\"center\"}},{\"name\":\"\",\"type\":\"button\",\"props\":{\"margin\":\"medium\",\"maxwidth\":\"large\",\"block_align\":\"center\",\"grid_column_gap\":\"small\",\"grid_row_gap\":\"small\"},\"children\":[{\"name\":\"\",\"type\":\"button_item\",\"props\":{\"button_style\":\"primary\",\"icon_align\":\"left\",\"content\":\"Servicios\",\"link\":\"index.php?page_id=2\"}}]}]},{\"name\":\"\",\"type\":\"column\",\"props\":{\"image_position\":\"center-center\",\"media_overlay_gradient\":\"\",\"width_medium\":\"expand\"}}]}]},{\"name\":\"Services\",\"type\":\"section\",\"props\":{\"width\":\"large\",\"padding\":\"large\",\"style\":\"default\",\"media\":\"\",\"height_viewport\":false,\"header_overlay\":\"light\",\"animation\":\"slide-top-small\",\"padding_remove_top\":false,\"image_size\":\"cover\",\"image_position\":\"center-center\",\"vertical_align\":\"middle\",\"title_position\":\"top-left\",\"title_rotation\":\"left\",\"title_breakpoint\":\"xl\",\"title\":\"\",\"animation_delay\":false},\"children\":[{\"name\":\"\",\"type\":\"row\",\"props\":{\"match\":true,\"column_gap\":\"small\",\"row_gap\":\"small\"},\"children\":[{\"name\":\"\",\"type\":\"column\",\"props\":{\"image_position\":\"center-center\",\"media_overlay_gradient\":\"\",\"width_medium\":\"1-1\"},\"children\":[{\"name\":\"\",\"type\":\"grid\",\"props\":{\"show_title\":true,\"show_meta\":true,\"show_content\":true,\"show_image\":true,\"show_link\":true,\"grid_default\":\"1\",\"grid_medium\":\"4\",\"title_element\":\"h2\",\"meta_style\":\"meta\",\"meta_align\":\"below-title\",\"image_align\":\"top\",\"image_grid_width\":\"1-2\",\"link_text\":\"\",\"link_style\":\"default\",\"margin\":\"default\",\"text_align\":\"center\",\"panel_style\":\"card-hover\",\"title_style\":\"h4\",\"grid_small\":\"2\",\"filter_style\":\"tab\",\"filter_all\":true,\"filter_position\":\"top\",\"filter_align\":\"left\",\"filter_grid_width\":\"auto\",\"image_svg_color\":\"primary\",\"item_animation\":true,\"image_svg_inline\":true,\"image_svg_animate\":true,\"grid_column_gap\":\"medium\",\"grid_row_gap\":\"medium\",\"filter_grid_breakpoint\":\"m\",\"image_grid_breakpoint\":\"m\",\"panel_link\":true,\"icon_width\":80,\"title_hover_style\":\"reset\",\"title_align\":\"top\",\"title_grid_width\":\"1-2\",\"title_grid_breakpoint\":\"m\",\"meta_element\":\"div\",\"content_column_breakpoint\":\"m\"},\"children\":[{\"name\":\"\",\"type\":\"grid_item\",\"props\":{\"content\":\"\n\n<p>Somos expertos en todos y cada uno de los temas relacionados con el \\u00e1mbito de las contribuciones.<\\\/p>\",\"title\":\"Asesor\\u00eda Fiscal\",\"image\":\"wp-content\\\/uploads\\\/yootheme\\\/services-01-tax-planning.svg\",\"link\":\"index.php?page_id=23\"}},{\"name\":\"\",\"type\":\"grid_item\",\"props\":{\"content\":\"\n\n<p>Trabajar de la mano de las empresas para impulsar el cumplimiento de la normatividad laboral.<\\\/p>\",\"title\":\"Laboral\",\"image\":\"wp-content\\\/uploads\\\/yootheme\\\/services-02-legal-advisory.svg\",\"link\":\"index.php?page_id=22\"}},{\"name\":\"\",\"type\":\"grid_item\",\"props\":{\"content\":\"\n\n<p>Te ofrecemos la posibilidad de llevar de manera total la contabilidad de su negocio.<\\\/p>\",\"title\":\"Contabilidad\",\"image\":\"wp-content\\\/uploads\\\/yootheme\\\/services-03-financial-services.svg\",\"link\":\"index.php?page_id=21\"}},{\"name\":\"\",\"type\":\"grid_item\",\"props\":{\"content\":\"\n\n<p>Nuestro equipo realizar\\u00e1 revisiones con la finalidad de darle recomendaciones o soluciones para la operaci\\u00f3n de la empresa.<\\\/p>\",\"title\":\"Revisiones\",\"image\":\"wp-content\\\/uploads\\\/yootheme\\\/services-05-audit-and-assurance.svg\",\"link\":\"index.php?page_id=21\"}}]}]}]}]},{\"name\":\"Company\",\"type\":\"section\",\"props\":{\"width\":\"small\",\"padding\":\"xlarge\",\"style\":\"default\",\"media\":\"\",\"height_viewport\":false,\"header_overlay\":\"light\",\"padding_remove_top\":false,\"image_size\":\"cover\",\"image_position\":\"center-center\",\"vertical_align\":\"middle\",\"title_position\":\"top-left\",\"title_rotation\":\"left\",\"title_breakpoint\":\"xl\",\"image\":\"wp-content\\\/uploads\\\/yootheme\\\/home-company-bg.jpg\",\"image_width\":\"1560\",\"animation_delay\":false,\"image_effect\":\"parallax\",\"image_parallax_bgy_start\":\"-100\",\"image_parallax_bgy_end\":\"100\",\"image_parallax_breakpoint\":\"m\"},\"children\":[{\"name\":\"\",\"type\":\"row\",\"props\":{\"layout\":\"1-2,1-2\",\"vertical_align\":false,\"width\":\"default\",\"column_gap\":\"small\",\"row_gap\":\"small\"},\"children\":[{\"name\":\"\",\"type\":\"column\",\"props\":{\"image_position\":\"center-center\",\"media_overlay_gradient\":\"\",\"width_medium\":\"1-2\"},\"children\":[{\"name\":\"\",\"type\":\"panel\",\"props\":{\"link_text\":\"Nosotros\",\"title_element\":\"h2\",\"meta_style\":\"meta\",\"meta_align\":\"below-title\",\"image_align\":\"top\",\"image_grid_width\":\"1-2\",\"link_style\":\"primary\",\"margin\":\"\",\"title\":\"Haz un gran trabajo <br \/> con grandes personas\",\"content\":\"\n\n<p>La solidez de nuestra organizaci\\u00f3n le garantiza una estricta confidencialidad, honestidad, respeto lealtad y cumplimiento de los compromisos adquiridos al momento de firmar con nosotros.<\\\/p>\",\"icon\":\"\",\"link\":\"index.php?page_id=4\",\"text_align\":\"left\",\"maxwidth\":\"large\",\"title_style\":\"h3\",\"image_svg_color\":\"emphasis\",\"block_align\":\"center\",\"image_grid_breakpoint\":\"m\",\"icon_width\":80,\"title_hover_style\":\"reset\",\"title_align\":\"top\",\"title_grid_width\":\"1-2\",\"title_grid_breakpoint\":\"m\",\"meta_element\":\"div\",\"content_column_breakpoint\":\"m\"}}]},{\"name\":\"\",\"type\":\"column\",\"props\":{\"image_position\":\"center-center\",\"media_overlay_gradient\":\"\",\"width_medium\":\"1-2\"}}]}]},{\"name\":\"Projects\",\"type\":\"section\",\"props\":{\"width\":\"small\",\"padding\":\"large\",\"style\":\"default\",\"media\":\"\",\"height_viewport\":false,\"header_overlay\":\"light\",\"padding_remove_top\":false,\"image_size\":\"cover\",\"image_position\":\"center-center\",\"vertical_align\":\"middle\",\"title_position\":\"top-left\",\"title_rotation\":\"left\",\"title_breakpoint\":\"xl\",\"image\":\"\",\"image_width\":\"1567\",\"image_height\":\"569\",\"animation_delay\":false},\"children\":[{\"name\":\"\",\"type\":\"row\",\"props\":{\"layout\":\"1-2,1-2\",\"vertical_align\":true,\"width\":\"default\",\"column_gap\":\"large\",\"row_gap\":\"large\"},\"children\":[{\"name\":\"\",\"type\":\"column\",\"props\":{\"image_position\":\"center-center\",\"vertical_align\":\"middle\",\"media_overlay_gradient\":\"\",\"width_small\":\"1-2\"},\"children\":[{\"name\":\"\",\"type\":\"panel\",\"props\":{\"link_text\":\"Compa\\u00f1\\u00eda\",\"title_element\":\"h2\",\"meta_style\":\"meta\",\"meta_align\":\"below-title\",\"image_align\":\"top\",\"image_grid_width\":\"1-2\",\"link_style\":\"primary\",\"margin\":\"default\",\"title\":\"Por qu\\u00e9 deber\\u00eda elegirnos\",\"content\":\"\n\n<p>En Odi consultor\\u00eda nos preocupamos por el bienestar de tu empresa<\\\/p>\",\"icon\":\"\",\"link\":\"index.php?page_id=4\",\"text_align\":\"left\",\"title_style\":\"h3\",\"image_svg_color\":\"emphasis\",\"block_align\":\"right\",\"image_grid_breakpoint\":\"m\",\"icon_width\":80,\"title_hover_style\":\"reset\",\"title_align\":\"top\",\"title_grid_width\":\"1-2\",\"title_grid_breakpoint\":\"m\",\"meta_element\":\"div\",\"content_column_breakpoint\":\"m\"}}]},{\"name\":\"\",\"type\":\"column\",\"props\":{\"image_position\":\"center-center\",\"vertical_align\":\"middle\",\"media_overlay_gradient\":\"\",\"width_small\":\"1-2\"},\"children\":[{\"name\":\"\",\"type\":\"headline\",\"props\":{\"title_element\":\"div\",\"content\":\"16\",\"title_style\":\"heading-xlarge\",\"title_color\":\"primary\",\"animation\":\"none\"}},{\"name\":\"\",\"type\":\"headline\",\"props\":{\"title_element\":\"div\",\"content\":\"A\\u00f1os de experiencia <br \\\/>en el \\u00e1rea contable\",\"title_style\":\"h5\",\"title_color\":\"muted\",\"margin_remove_top\":true}}]}]}]},{\"name\":\"Contact\",\"type\":\"section\",\"props\":{\"style\":\"default\",\"width\":\"\",\"vertical_align\":\"middle\",\"title_position\":\"top-left\",\"title_rotation\":\"left\",\"title_breakpoint\":\"xl\",\"image_position\":\"center-center\",\"padding\":\"none\",\"animation_delay\":false,\"image\":\"\"},\"children\":[{\"name\":\"\",\"type\":\"row\",\"props\":{\"layout\":\"1-2,1-2\",\"column_gap\":\"collapse\",\"row_gap\":\"collapse\"},\"children\":[{\"name\":\"\",\"type\":\"column\",\"props\":{\"image_position\":\"center-center\",\"image\":\"wp-content\\\/uploads\\\/yootheme\\\/projects-02.jpg\",\"image_size\":\"cover\",\"image_width\":\"780\",\"style\":\"default\",\"media_overlay_gradient\":\"\",\"width_small\":\"1-2\",\"media_visibility\":\"s\"},\"children\":[]},{\"name\":\"\",\"type\":\"column\",\"props\":{\"image_position\":\"center-center\",\"image\":\"wp-content\\\/uploads\\\/yootheme\\\/home-contact-02.jpg\",\"image_size\":\"cover\",\"padding\":\"large\",\"image_width\":\"780\",\"style\":\"default\",\"preserve_color\":false,\"text_color\":\"light\",\"media_background\":\"#213b93\",\"media_blend_mode\":\"multiply\",\"media_overlay\":\"rgba(33, 59, 147, 0.75)\",\"media_overlay_gradient\":\"\",\"width_small\":\"1-2\"},\"children\":[{\"name\":\"\",\"type\":\"headline\",\"props\":{\"title_element\":\"h2\",\"content\":\"Obtenga una consulta personal\",\"maxwidth\":\"large\",\"text_align\":\"left\",\"block_align\":\"center\"}},{\"name\":\"\",\"type\":\"text\",\"props\":{\"margin\":\"default\",\"column_breakpoint\":\"m\",\"content\":\"\n\n<p>TOMA una buena decisi\\u00f3n HOY para dejar de preocuparte MA\\u00d1ANA.<\\\/p>\",\"maxwidth\":\"large\",\"margin_remove_bottom\":false,\"block_align\":\"center\"}},{\"name\":\"\",\"type\":\"button\",\"props\":{\"margin\":\"large\",\"maxwidth\":\"large\",\"block_align\":\"center\",\"grid_column_gap\":\"medium\",\"grid_row_gap\":\"medium\"},\"children\":[{\"name\":\"\",\"type\":\"button_item\",\"props\":{\"button_style\":\"primary\",\"icon_align\":\"left\",\"content\":\"Contactanos\",\"link\":\"index.php?page_id=19\"}},{\"name\":\"\",\"type\":\"button_item\",\"props\":{\"button_style\":\"\",\"icon_align\":\"left\",\"content\":\"+52 686 477 3105\",\"link\":\"tel:+52 686 477 3105\"}}]}]}]}]},{\"type\":\"section\",\"props\":{\"style\":\"default\",\"width\":\"default\",\"vertical_align\":\"middle\",\"title_position\":\"top-left\",\"title_rotation\":\"left\",\"title_breakpoint\":\"xl\",\"image_position\":\"center-center\"},\"children\":[{\"type\":\"row\",\"children\":[{\"type\":\"column\",\"props\":{\"image_position\":\"center-center\",\"media_overlay_gradient\":\"\"},\"children\":[]}]}]},{\"name\":\"Footer\",\"type\":\"section\",\"props\":{\"width\":\"default\",\"padding\":\"large\",\"style\":\"secondary\",\"image_size\":\"cover\",\"image_position\":\"center-center\",\"vertical_align\":\"middle\",\"title_position\":\"top-left\",\"title_rotation\":\"left\",\"title_breakpoint\":\"xl\",\"padding_remove_bottom\":false,\"animation_delay\":false},\"children\":[{\"name\":\"\",\"type\":\"row\",\"props\":{\"layout\":\"1-4,1-4,1-4,1-4|1-2,1-2,1-2,1-2\",\"margin\":\"large\",\"match\":false,\"column_gap\":\"large\",\"row_gap\":\"large\"},\"children\":[{\"name\":\"\",\"type\":\"column\",\"props\":{\"image_position\":\"center-center\",\"media_overlay_gradient\":\"\",\"width_medium\":\"1-4\",\"width_small\":\"1-2\"},\"children\":[{\"name\":\"\",\"type\":\"headline\",\"props\":{\"title_element\":\"h2\",\"content\":\"Men\\u00fa\",\"text_align\":\"left\",\"text_align_breakpoint\":\"s\",\"text_align_fallback\":\"center\",\"title_style\":\"h6\"}},{\"name\":\"\",\"type\":\"list\",\"props\":{\"show_image\":true,\"show_link\":true,\"image_align\":\"left\",\"link_style\":\"muted\",\"list_size\":\"\",\"text_align\":\"left\",\"text_align_breakpoint\":\"s\",\"text_align_fallback\":\"center\",\"image_svg_color\":\"emphasis\",\"image_vertical_align\":true,\"list_element\":\"ul\",\"column_breakpoint\":\"m\"},\"children\":[{\"name\":\"\",\"type\":\"list_item\",\"props\":{\"content\":\"\n\n<p>Inicio<\\\/p>\",\"link\":\"index.php?page_id=1\"}},{\"name\":\"\",\"type\":\"list_item\",\"props\":{\"content\":\"\n\n<p>Servicios<\\\/p>\",\"link\":\"index.php?page_id=2\"}},{\"name\":\"\",\"type\":\"list_item\",\"props\":{\"content\":\"\n\n<p>Misi\\u00f3n y Visi\\u00f3n<\\\/p>\",\"link\":\"index.php?page_id=6\"}},{\"name\":\"\",\"type\":\"list_item\",\"props\":{\"content\":\"\n\n<p>Nosotros<\\\/p>\",\"link\":\"index.php?page_id=4\"}}]}]},{\"name\":\"\",\"type\":\"column\",\"props\":{\"image_position\":\"center-center\",\"media_overlay_gradient\":\"\",\"width_medium\":\"1-4\",\"width_small\":\"1-2\"},\"children\":[{\"name\":\"\",\"type\":\"headline\",\"props\":{\"title_element\":\"h2\",\"content\":\"Nuestros Servicios\",\"text_align\":\"left\",\"text_align_breakpoint\":\"s\",\"text_align_fallback\":\"center\",\"title_style\":\"h6\"}},{\"name\":\"\",\"type\":\"list\",\"props\":{\"show_image\":false,\"show_link\":true,\"image_align\":\"left\",\"link_style\":\"muted\",\"text_align\":\"left\",\"text_align_breakpoint\":\"s\",\"text_align_fallback\":\"center\",\"image_svg_color\":\"emphasis\",\"image_vertical_align\":true,\"list_size\":\"\",\"list_element\":\"ul\",\"column_breakpoint\":\"m\"},\"children\":[{\"name\":\"\",\"type\":\"list_item\",\"props\":{\"content\":\"\n\n<p>Laboral<\\\/p>\",\"link\":\"index.php?page_id=22\"}},{\"name\":\"\",\"type\":\"list_item\",\"props\":{\"content\":\"\n\n<p>Contabilidad<\\\/p>\",\"link\":\"index.php?page_id=21\"}},{\"name\":\"\",\"type\":\"list_item\",\"props\":{\"content\":\"\n\n<p>Asesor\\u00eda Fiscal<\\\/p>\",\"link\":\"index.php?page_id=23\"}}]}]},{\"name\":\"\",\"type\":\"column\",\"props\":{\"image_position\":\"center-center\",\"media_overlay_gradient\":\"\",\"width_medium\":\"1-4\",\"width_small\":\"1-2\"},\"children\":[{\"name\":\"\",\"type\":\"headline\",\"props\":{\"title_element\":\"h2\",\"content\":\"S\\u00edguenos\",\"text_align\":\"left\",\"text_align_breakpoint\":\"s\",\"text_align_fallback\":\"center\",\"title_style\":\"h6\"}},{\"name\":\"\",\"type\":\"social\",\"props\":{\"link_style\":\"link\",\"margin\":\"default\",\"link_target\":true,\"text_align\":\"left\",\"text_align_breakpoint\":\"s\",\"text_align_fallback\":\"center\",\"grid_gap\":\"medium\",\"grid\":\"horizontal\"},\"children\":[{\"type\":\"social_item\",\"props\":{\"link\":\"https:\\\/\\\/www.facebook.com\\\/ODI-Consultoria-157591436038470\",\"icon\":\"facebook\"}},{\"type\":\"social_item\",\"props\":{\"link\":\"https:\\\/\\\/www.instagram.com\\\/odiconsultoria\\\/\",\"icon\":\"instagram\"}}]}]},{\"name\":\"\",\"type\":\"column\",\"props\":{\"image_position\":\"center-center\",\"media_overlay_gradient\":\"\",\"width_medium\":\"1-4\",\"width_small\":\"1-2\"},\"children\":[{\"name\":\"\",\"type\":\"headline\",\"props\":{\"title_element\":\"h2\",\"content\":\"ODI Consultor\\u00eda\",\"text_align\":\"left\",\"text_align_breakpoint\":\"s\",\"text_align_fallback\":\"center\",\"title_style\":\"h6\"}},{\"name\":\"\",\"type\":\"text\",\"props\":{\"margin\":\"default\",\"column_breakpoint\":\"m\",\"content\":\"\n\n<p>Soluciones innovadoras para hacer avanzar su negocio<\\\/p>\",\"text_color\":\"muted\",\"text_align\":\"left\",\"text_align_breakpoint\":\"s\",\"text_align_fallback\":\"center\"}}]}]}]}],\"version\":\"2.6.2\"} --><\/p>\n","protected":false},"excerpt":{"rendered":"<p>Odi Consultor\u00edaSu socio para el \u00e9xito Contabilidad, Asesor\u00eda Fiscal, Laboral&#8230; Servicios Asesor\u00eda Fiscal Somos expertos en todos y cada uno de los temas relacionados con el \u00e1mbito de las contribuciones. Laboral Trabajar de la mano de las empresas para impulsar el cumplimiento de la normatividad laboral. Contabilidad Te ofrecemos la posibilidad de llevar de manera [&hellip;]<\/p>\n","protected":false},"author":1,"featured_media":0,"parent":0,"menu_order":8,"comment_status":"open","ping_status":"open","template":"","meta":[],"_links":{"self":[{"href":"http:\/\/www.odiconsultoria.com\/index.php?rest_route=\/wp\/v2\/pages\/1"}],"collection":[{"href":"http:\/\/www.odiconsultoria.com\/index.php?rest_route=\/wp\/v2\/pages"}],"about":[{"href":"http:\/\/www.odiconsultoria.com\/index.php?rest_route=\/wp\/v2\/types\/page"}],"author":[{"embeddable":true,"href":"http:\/\/www.odiconsultoria.com\/index.php?rest_route=\/wp\/v2\/users\/1"}],"replies":[{"embeddable":true,"href":"http:\/\/www.odiconsultoria.com\/index.php?rest_route=%2Fwp%2Fv2%2Fcomments&post=1"}],"version-history":[{"count":39,"href":"http:\/\/www.odiconsultoria.com\/index.php?rest_route=\/wp\/v2\/pages\/1\/revisions"}],"predecessor-version":[{"id":1223,"href":"http:\/\/www.odiconsultoria.com\/index.php?rest_route=\/wp\/v2\/pages\/1\/revisions\/1223"}],"wp:attachment":[{"href":"http:\/\/www.odiconsultoria.com\/index.php?rest_route=%2Fwp%2Fv2%2Fmedia&parent=1"}],"curies":[{"name":"wp","href":"https:\/\/api.w.org\/{rel}","templated":true}]}}