{"id":21,"date":"2019-09-02T07:23:47","date_gmt":"2019-09-02T07:23:47","guid":{"rendered":"http:\/\/www.odiconsultoria.com\/?p=21"},"modified":"2021-09-17T13:09:07","modified_gmt":"2021-09-17T20:09:07","slug":"financial-services","status":"publish","type":"page","link":"http:\/\/www.odiconsultoria.com\/?page_id=21","title":{"rendered":"Financial Services"},"content":{"rendered":"<div>\n<p>        <img src=\"\/wp-content\/uploads\/yootheme\/services-01-tax-planning.svg\" alt=\"\"><\/p>\n<h1>Contabilidad<\/h1>\n<div>\n<p>Te ofrecemos la posibilidad de llevar de manera total la contabilidad de su negocio.<\/p>\n<\/div>\n<\/div>\n<div>\n<h2>Un contador es b\u00e1sicamente un organizador. Un contador b\u00e1sicamente elimina el caos.<\/h2>\n<div>\n<p>Nos interesa el funcionamiento \u00f3ptimo en la operaci\u00f3n de su Empresa, por tal motivo le ofrecemos la posibilidad de llevar de manera total la contabilidad de su negocio. Identificamos y registramos todas las operaciones de su Compa\u00f1\u00eda a la vez que establecemos los registros y documentos contables de manera que obtenemos sus reportes de manera \u00e1gil y a tiempo para que Ud. pueda cumplir con todas las obligaciones fiscales de su Compa\u00f1\u00eda y evite cualquier tipo de requerimiento, multa o recargo por parte de las autoridades.<\/p>\n<\/div>\n<\/div>\n<p><img src=\"\/wp-content\/uploads\/2021\/09\/ODI-Original.png\" alt=\"\"><\/p>\n<div>Haga una cita <br \/>ahora<\/div>\n<p>\n    <a href=\"\/index.php?page_id=19\">Contactanos<\/a>\n<\/p>\n<p><!--more--><br \/>\n<!-- {\"name\":\"\",\"type\":\"layout\",\"children\":[{\"name\":\"Hero\",\"type\":\"section\",\"props\":{\"style\":\"default\",\"width\":\"\",\"vertical_align\":\"middle\",\"title_position\":\"top-left\",\"title_rotation\":\"left\",\"title_breakpoint\":\"xl\",\"image_position\":\"center-center\",\"padding_remove_top\":true,\"image\":\"wp-content\\\/uploads\\\/yootheme\\\/financial-services-hero.jpg\",\"css\":\".el-section > [class*='uk-background-'] { min-height: 40vh; }\",\"image_effect\":\"parallax\",\"image_parallax_bgy_end\":\"120\",\"image_width\":\"1560\"},\"children\":[{\"name\":\"\",\"type\":\"row\",\"children\":[{\"name\":\"\",\"type\":\"column\",\"props\":{\"image_position\":\"center-center\",\"media_overlay_gradient\":\"\",\"width_medium\":\"1-1\"}}]}]},{\"name\":\"Headline\",\"type\":\"section\",\"props\":{\"style\":\"default\",\"width\":\"default\",\"vertical_align\":\"middle\",\"title_position\":\"top-left\",\"title_rotation\":\"left\",\"title_breakpoint\":\"xl\",\"image_position\":\"center-center\",\"animation\":\"fade\",\"animation_delay\":\"200\"},\"children\":[{\"name\":\"\",\"type\":\"row\",\"children\":[{\"name\":\"\",\"type\":\"column\",\"props\":{\"image_position\":\"center-center\",\"media_overlay_gradient\":\"\",\"width_medium\":\"1-1\"},\"children\":[{\"name\":\"\",\"type\":\"panel\",\"props\":{\"link_text\":\"Read more\",\"title_element\":\"h1\",\"meta_style\":\"meta\",\"meta_align\":\"below-title\",\"image_align\":\"top\",\"image_grid_width\":\"1-2\",\"link_style\":\"default\",\"margin\":\"default\",\"title\":\"Contabilidad\",\"content\":\"\n\n<p>Te ofrecemos la posibilidad de llevar de manera total la contabilidad de su negocio.<\\\/p>\",\"image\":\"wp-content\\\/uploads\\\/yootheme\\\/services-01-tax-planning.svg\",\"content_style\":\"lead\",\"maxwidth\":\"large\",\"image_svg_color\":\"primary\",\"image_svg_inline\":true,\"image_svg_animate\":true,\"title_hover_style\":\"reset\",\"title_align\":\"top\",\"title_grid_width\":\"1-2\",\"title_grid_breakpoint\":\"m\",\"image_grid_breakpoint\":\"m\",\"icon_width\":80,\"meta_element\":\"div\",\"content_column_breakpoint\":\"m\"}}]}]}]},{\"name\":\"Services\",\"type\":\"section\",\"props\":{\"style\":\"default\",\"width\":\"default\",\"vertical_align\":\"middle\",\"title_position\":\"top-left\",\"title_rotation\":\"left\",\"title_breakpoint\":\"xl\",\"image_position\":\"center-center\",\"padding\":\"large\",\"padding_remove_top\":true,\"animation_delay\":false},\"children\":[{\"name\":\"\",\"type\":\"row\",\"props\":{\"layout\":\"1-2,1-2\",\"margin\":\"xlarge\",\"column_gap\":\"large\",\"row_gap\":\"large\"},\"children\":[{\"name\":\"\",\"type\":\"column\",\"props\":{\"image_position\":\"center-center\",\"media_overlay_gradient\":\"\",\"width_medium\":\"1-2\"},\"children\":[{\"name\":\"\",\"type\":\"panel\",\"props\":{\"link_text\":\"Read more\",\"title_element\":\"h2\",\"meta_style\":\"meta\",\"meta_align\":\"below-title\",\"image_align\":\"top\",\"image_grid_width\":\"1-2\",\"link_style\":\"default\",\"margin\":\"default\",\"title\":\"Un contador es b\\u00e1sicamente un organizador. Un contador b\\u00e1sicamente elimina el caos.\",\"content\":\"\n\n<p>Nos interesa el funcionamiento \\u00f3ptimo en la operaci\\u00f3n de su Empresa, por tal motivo le ofrecemos la posibilidad de llevar de manera total la contabilidad de su negocio. Identificamos y registramos todas las operaciones de su Compa\\u00f1\\u00eda a la vez que establecemos los registros y documentos contables de manera que obtenemos sus reportes de manera \\u00e1gil y a tiempo para que Ud. pueda cumplir con todas las obligaciones fiscales de su Compa\\u00f1\\u00eda y evite cualquier tipo de requerimiento, multa o recargo por parte de las autoridades.<\\\/p>\",\"title_decoration\":\"line\",\"image_svg_color\":\"emphasis\",\"title_hover_style\":\"reset\",\"title_align\":\"top\",\"title_grid_width\":\"1-2\",\"title_grid_breakpoint\":\"m\",\"image_grid_breakpoint\":\"m\",\"icon_width\":80,\"meta_element\":\"div\",\"content_column_breakpoint\":\"m\",\"title_style\":\"h3\"}}]},{\"name\":\"\",\"type\":\"column\",\"props\":{\"image_position\":\"center-center\",\"media_overlay_gradient\":\"\",\"width_medium\":\"1-2\"},\"children\":[{\"type\":\"image\",\"props\":{\"margin\":\"default\",\"image_svg_color\":\"emphasis\",\"image\":\"wp-content\\\/uploads\\\/2021\\\/09\\\/ODI-Original.png\"}}]}]}]},{\"name\":\"Call to Action\",\"type\":\"section\",\"props\":{\"style\":\"secondary\",\"width\":\"default\",\"vertical_align\":\"middle\",\"title_position\":\"top-left\",\"title_rotation\":\"left\",\"title_breakpoint\":\"xl\",\"image_position\":\"center-center\",\"preserve_color\":false},\"children\":[{\"name\":\"\",\"type\":\"row\",\"props\":{\"layout\":\"1-2,1-2\",\"margin\":\"default\",\"width\":\"default\",\"vertical_align\":true},\"children\":[{\"name\":\"\",\"type\":\"column\",\"props\":{\"image_position\":\"center-center\",\"vertical_align\":\"middle\",\"media_overlay_gradient\":\"\",\"width_medium\":\"1-2\"},\"children\":[{\"name\":\"\",\"type\":\"headline\",\"props\":{\"title_element\":\"div\",\"content\":\"Haga una cita <br \\\/>ahora\",\"title_style\":\"h2\"}}]},{\"name\":\"\",\"type\":\"column\",\"props\":{\"image_position\":\"center-center\",\"vertical_align\":\"middle\",\"media_overlay_gradient\":\"\",\"width_medium\":\"1-2\"},\"children\":[{\"name\":\"\",\"type\":\"button\",\"props\":{\"margin\":\"default\",\"text_align\":\"center\",\"text_align_breakpoint\":\"m\",\"text_align_fallback\":\"left\",\"grid_column_gap\":\"small\",\"grid_row_gap\":\"small\"},\"children\":[{\"name\":\"\",\"type\":\"button_item\",\"props\":{\"button_style\":\"primary\",\"icon_align\":\"left\",\"content\":\"Contactanos\",\"link\":\"index.php?page_id=19\"}}]}]}]}]},{\"name\":\"Benefits\",\"type\":\"section\",\"props\":{\"style\":\"default\",\"width\":\"default\",\"vertical_align\":\"middle\",\"title_position\":\"top-left\",\"title_rotation\":\"left\",\"title_breakpoint\":\"xl\",\"image_position\":\"center-center\",\"padding\":\"large\",\"padding_remove_bottom\":false,\"animation_delay\":false},\"children\":[{\"name\":\"\",\"type\":\"row\",\"props\":{\"layout\":\"1-2,1-2\",\"column_gap\":\"large\",\"row_gap\":\"small\",\"margin\":\"large\"},\"children\":[{\"name\":\"\",\"type\":\"column\",\"props\":{\"image_position\":\"center-center\",\"media_overlay_gradient\":\"\",\"width_medium\":\"1-2\"},\"children\":[]},{\"name\":\"\",\"type\":\"column\",\"props\":{\"image_position\":\"center-center\",\"media_overlay_gradient\":\"\",\"width_medium\":\"1-2\"},\"children\":[{\"type\":\"divider\",\"props\":{\"divider_element\":\"div\",\"margin\":\"remove-vertical\",\"visibility\":\"hidden-m\"}}]}]}]}],\"version\":\"2.6.2\"} --><\/p>\n","protected":false},"excerpt":{"rendered":"<p>Contabilidad Te ofrecemos la posibilidad de llevar de manera total la contabilidad de su negocio. Un contador es b\u00e1sicamente un organizador. Un contador b\u00e1sicamente elimina el caos. Nos interesa el funcionamiento \u00f3ptimo en la operaci\u00f3n de su Empresa, por tal motivo le ofrecemos la posibilidad de llevar de manera total la contabilidad de su negocio. [&hellip;]<\/p>\n","protected":false},"author":1,"featured_media":0,"parent":0,"menu_order":5,"comment_status":"open","ping_status":"open","template":"","meta":[],"_links":{"self":[{"href":"http:\/\/www.odiconsultoria.com\/index.php?rest_route=\/wp\/v2\/pages\/21"}],"collection":[{"href":"http:\/\/www.odiconsultoria.com\/index.php?rest_route=\/wp\/v2\/pages"}],"about":[{"href":"http:\/\/www.odiconsultoria.com\/index.php?rest_route=\/wp\/v2\/types\/page"}],"author":[{"embeddable":true,"href":"http:\/\/www.odiconsultoria.com\/index.php?rest_route=\/wp\/v2\/users\/1"}],"replies":[{"embeddable":true,"href":"http:\/\/www.odiconsultoria.com\/index.php?rest_route=%2Fwp%2Fv2%2Fcomments&post=21"}],"version-history":[{"count":5,"href":"http:\/\/www.odiconsultoria.com\/index.php?rest_route=\/wp\/v2\/pages\/21\/revisions"}],"predecessor-version":[{"id":1197,"href":"http:\/\/www.odiconsultoria.com\/index.php?rest_route=\/wp\/v2\/pages\/21\/revisions\/1197"}],"wp:attachment":[{"href":"http:\/\/www.odiconsultoria.com\/index.php?rest_route=%2Fwp%2Fv2%2Fmedia&parent=21"}],"curies":[{"name":"wp","href":"https:\/\/api.w.org\/{rel}","templated":true}]}}