{"id":23,"date":"2019-09-02T07:23:47","date_gmt":"2019-09-02T07:23:47","guid":{"rendered":"http:\/\/www.odiconsultoria.com\/?p=23"},"modified":"2021-09-17T12:56:01","modified_gmt":"2021-09-17T19:56:01","slug":"tax-planning","status":"publish","type":"page","link":"http:\/\/www.odiconsultoria.com\/?page_id=23","title":{"rendered":"Tax Planning"},"content":{"rendered":"<div>\n<h1>Asesor\u00eda Fiscal<\/h1>\n<div>\n<p>Somos expertos en todos y cada uno de los temas relacionados con el \u00e1mbito de las contribuciones.<\/p>\n<\/div>\n<\/div>\n<div>\n<p>Somos expertos en todos y cada uno de los temas relacionados con el \u00e1mbito de las contribuciones, de manera que podemos ofrecerle y atender desde el tr\u00e1mite m\u00e1s sencillo ante las autoridades hacendar\u00edas, hasta un juicio fiscal ante los tribunales correspondientes.<\/p>\n<\/div>\n<h2>Nuestros Servicios<\/h2>\n<ul>\n<li>\n<p><a href=\"#\"><\/p>\n<p>Declaraciones Anuales<\/p>\n<p><\/a><\/p>\n<\/li>\n<li>\n<p><a href=\"#\"><\/p>\n<p>Pagos Provisionales<\/p>\n<p><\/a><\/p>\n<\/li>\n<li>\n<p><a href=\"#\"><\/p>\n<p>Devoluci\u00f3n y Compensaci\u00f3n<\/p>\n<p><\/a><\/p>\n<\/li>\n<li>\n<p><a href=\"#\"><\/p>\n<p>Atenci\u00f3n a requerimientos<\/p>\n<p><\/a><\/p>\n<\/li>\n<li>\n<p><a href=\"#\"><\/p>\n<p>Declaraci\u00f3n Patrimonial<\/p>\n<p><\/a><\/p>\n<\/li>\n<\/ul>\n<hr>\n<p><!--more--><br \/>\n<!-- {\"name\":\"\",\"type\":\"layout\",\"children\":[{\"name\":\"hero\",\"type\":\"section\",\"props\":{\"style\":\"default\",\"width\":\"expand\",\"vertical_align\":\"middle\",\"title_position\":\"top-left\",\"title_rotation\":\"left\",\"title_breakpoint\":\"xl\",\"image_position\":\"center-left\",\"image\":\"wp-content\\\/uploads\\\/yootheme\\\/tax-planning-hero.jpg\",\"padding\":\"large\",\"image_size\":\"cover\",\"image_effect\":\"parallax\",\"image_parallax_bgy_end\":-230,\"image_parallax_bgy_start\":20,\"image_parallax_breakpoint\":\"m\",\"image_width\":\"1560\"},\"children\":[{\"name\":\"\",\"type\":\"row\",\"props\":{\"layout\":\"large,expand\",\"vertical_align\":false},\"children\":[{\"name\":\"\",\"type\":\"column\",\"props\":{\"image_position\":\"center-center\",\"padding\":\"small\",\"media_overlay_gradient\":\"\",\"width_medium\":\"2xlarge\"},\"children\":[{\"name\":\"\",\"type\":\"panel\",\"props\":{\"link_text\":\"Read more\",\"title_element\":\"h1\",\"meta_style\":\"meta\",\"meta_align\":\"below-title\",\"image_align\":\"top\",\"image_grid_width\":\"1-2\",\"link_style\":\"default\",\"margin\":\"default\",\"title\":\"Asesor\\u00eda Fiscal\",\"content\":\"\n\n<p>Somos expertos en todos y cada uno de los temas relacionados con el \\u00e1mbito de las contribuciones.<\\\/p>\",\"panel_style\":\"card-secondary\",\"title_style\":\"h2\",\"image_svg_color\":\"emphasis\",\"image_grid_breakpoint\":\"m\",\"icon_width\":80,\"title_hover_style\":\"reset\",\"title_align\":\"top\",\"title_grid_width\":\"1-2\",\"title_grid_breakpoint\":\"m\",\"meta_element\":\"div\",\"content_column_breakpoint\":\"m\"}}]},{\"name\":\"\",\"type\":\"column\",\"props\":{\"image_position\":\"center-center\",\"media_overlay_gradient\":\"\",\"width_medium\":\"expand\"}}]}]},{\"name\":\"Services\",\"type\":\"section\",\"props\":{\"style\":\"default\",\"width\":\"default\",\"vertical_align\":\"middle\",\"title_position\":\"top-left\",\"title_rotation\":\"left\",\"title_breakpoint\":\"xl\",\"image_position\":\"center-center\",\"padding\":\"large\"},\"children\":[{\"name\":\"\",\"type\":\"row\",\"props\":{\"layout\":\"2-3,1-3\",\"column_gap\":\"large\",\"row_gap\":\"large\"},\"children\":[{\"name\":\"\",\"type\":\"column\",\"props\":{\"image_position\":\"center-center\",\"media_overlay_gradient\":\"\",\"width_small\":\"2-3\"},\"children\":[{\"name\":\"\",\"type\":\"text\",\"props\":{\"margin\":\"default\",\"column_breakpoint\":\"m\",\"content\":\"\n\n<p>Somos expertos en todos y cada uno de los temas relacionados con el \\u00e1mbito de las contribuciones, de manera que podemos ofrecerle y atender desde el tr\\u00e1mite m\\u00e1s sencillo ante las autoridades hacendar\\u00edas, hasta un juicio fiscal ante los tribunales correspondientes.<\\\/p>\"}},{\"name\":\"\",\"type\":\"headline\",\"props\":{\"title_element\":\"h2\",\"content\":\"Nuestros Servicios\",\"margin\":\"large\",\"margin_remove_top\":false,\"margin_remove_bottom\":true,\"title_style\":\"h3\"}},{\"name\":\"\",\"type\":\"list\",\"props\":{\"show_image\":true,\"show_link\":true,\"image_align\":\"left\",\"list_size\":\"large\",\"link_style\":\"text\",\"image_svg_color\":\"emphasis\",\"image_vertical_align\":true,\"list_element\":\"ul\",\"column_breakpoint\":\"m\",\"icon\":\"arrow-right\",\"icon_color\":\"primary\"},\"children\":[{\"name\":\"\",\"type\":\"list_item\",\"props\":{\"content\":\"\n\n<p>Declaraciones Anuales<\\\/p>\",\"link\":\"#\",\"icon\":\"\"}},{\"name\":\"\",\"type\":\"list_item\",\"props\":{\"content\":\"\n\n<p>Pagos Provisionales<\\\/p>\",\"link\":\"#\",\"icon\":\"\"}},{\"name\":\"\",\"type\":\"list_item\",\"props\":{\"content\":\"\n\n<p>Devoluci\\u00f3n y Compensaci\\u00f3n<\\\/p>\",\"link\":\"#\",\"icon\":\"\"}},{\"name\":\"\",\"type\":\"list_item\",\"props\":{\"content\":\"\n\n<p>Atenci\\u00f3n a requerimientos<\\\/p>\",\"link\":\"#\",\"icon\":\"\"}},{\"name\":\"\",\"type\":\"list_item\",\"props\":{\"content\":\"\n\n<p>Declaraci\\u00f3n Patrimonial<\\\/p>\",\"link\":\"#\",\"icon\":\"\"}}]}]},{\"name\":\"\",\"type\":\"column\",\"props\":{\"image_position\":\"center-center\",\"media_overlay_gradient\":\"\",\"width_small\":\"1-3\"},\"children\":[]}]},{\"name\":\"\",\"type\":\"row\",\"props\":{\"layout\":\"2-3,1-3\",\"margin\":\"large\",\"column_gap\":\"large\",\"row_gap\":\"large\"},\"children\":[{\"name\":\"\",\"type\":\"column\",\"props\":{\"image_position\":\"center-center\",\"media_overlay_gradient\":\"\",\"width_medium\":\"2-3\"},\"children\":[]},{\"name\":\"\",\"type\":\"column\",\"props\":{\"image_position\":\"center-center\",\"media_overlay_gradient\":\"\",\"width_medium\":\"1-3\"},\"children\":[]}]},{\"name\":\"\",\"type\":\"row\",\"props\":{\"layout\":\"2-3,1-3\",\"margin\":\"remove-vertical\",\"column_gap\":\"large\",\"row_gap\":\"large\"},\"children\":[{\"name\":\"\",\"type\":\"column\",\"props\":{\"image_position\":\"center-center\",\"media_overlay_gradient\":\"\",\"width_small\":\"2-3\"},\"children\":[{\"name\":\"\",\"type\":\"divider\",\"props\":{\"divider_element\":\"hr\"}}]},{\"name\":\"\",\"type\":\"column\",\"props\":{\"image_position\":\"center-center\",\"media_overlay_gradient\":\"\",\"width_small\":\"1-3\"},\"children\":[]}]},{\"name\":\"\",\"type\":\"row\",\"props\":{\"layout\":\"2-3,1-3\",\"margin\":\"default\",\"column_gap\":\"large\",\"row_gap\":\"large\"},\"children\":[{\"name\":\"\",\"type\":\"column\",\"props\":{\"image_position\":\"center-center\",\"media_overlay_gradient\":\"\",\"width_small\":\"2-3\"},\"children\":[]},{\"name\":\"\",\"type\":\"column\",\"props\":{\"image_position\":\"center-center\",\"media_overlay_gradient\":\"\",\"width_small\":\"1-3\"},\"children\":[]}]},{\"name\":\"\",\"type\":\"row\",\"props\":{\"layout\":\"2-3,1-3\",\"margin\":\"large\"},\"children\":[{\"name\":\"\",\"type\":\"column\",\"props\":{\"image_position\":\"center-center\",\"media_overlay_gradient\":\"\",\"width_small\":\"2-3\"},\"children\":[]},{\"name\":\"\",\"type\":\"column\",\"props\":{\"image_position\":\"center-center\",\"media_overlay_gradient\":\"\",\"width_small\":\"1-3\"},\"children\":[]}]}]},{\"name\":\"Related Insights\",\"type\":\"section\",\"props\":{\"style\":\"muted\",\"width\":\"default\",\"vertical_align\":\"middle\",\"title_position\":\"top-left\",\"title_rotation\":\"left\",\"title_breakpoint\":\"xl\",\"image_position\":\"center-center\",\"animation_delay\":false},\"children\":[{\"name\":\"\",\"type\":\"row\",\"props\":{\"layout\":\"1-2,1-2\",\"vertical_align\":true},\"children\":[{\"name\":\"\",\"type\":\"column\",\"props\":{\"image_position\":\"center-center\",\"vertical_align\":\"middle\",\"media_overlay_gradient\":\"\",\"width_medium\":\"1-2\"},\"children\":[]},{\"name\":\"\",\"type\":\"column\",\"props\":{\"image_position\":\"center-center\",\"vertical_align\":\"middle\",\"media_overlay_gradient\":\"\",\"width_medium\":\"1-2\"},\"children\":[]}]},{\"name\":\"\",\"type\":\"row\",\"children\":[{\"name\":\"\",\"type\":\"column\",\"props\":{\"image_position\":\"center-center\",\"media_overlay_gradient\":\"\",\"width_medium\":\"1-1\"},\"children\":[]}]}]}],\"version\":\"2.6.2\"} --><\/p>\n","protected":false},"excerpt":{"rendered":"<p>Asesor\u00eda Fiscal Somos expertos en todos y cada uno de los temas relacionados con el \u00e1mbito de las contribuciones. Somos expertos en todos y cada uno de los temas relacionados con el \u00e1mbito de las contribuciones, de manera que podemos ofrecerle y atender desde el tr\u00e1mite m\u00e1s sencillo ante las autoridades hacendar\u00edas, hasta un juicio [&hellip;]<\/p>\n","protected":false},"author":1,"featured_media":0,"parent":0,"menu_order":3,"comment_status":"open","ping_status":"open","template":"","meta":[],"_links":{"self":[{"href":"http:\/\/www.odiconsultoria.com\/index.php?rest_route=\/wp\/v2\/pages\/23"}],"collection":[{"href":"http:\/\/www.odiconsultoria.com\/index.php?rest_route=\/wp\/v2\/pages"}],"about":[{"href":"http:\/\/www.odiconsultoria.com\/index.php?rest_route=\/wp\/v2\/types\/page"}],"author":[{"embeddable":true,"href":"http:\/\/www.odiconsultoria.com\/index.php?rest_route=\/wp\/v2\/users\/1"}],"replies":[{"embeddable":true,"href":"http:\/\/www.odiconsultoria.com\/index.php?rest_route=%2Fwp%2Fv2%2Fcomments&post=23"}],"version-history":[{"count":12,"href":"http:\/\/www.odiconsultoria.com\/index.php?rest_route=\/wp\/v2\/pages\/23\/revisions"}],"predecessor-version":[{"id":1192,"href":"http:\/\/www.odiconsultoria.com\/index.php?rest_route=\/wp\/v2\/pages\/23\/revisions\/1192"}],"wp:attachment":[{"href":"http:\/\/www.odiconsultoria.com\/index.php?rest_route=%2Fwp%2Fv2%2Fmedia&parent=23"}],"curies":[{"name":"wp","href":"https:\/\/api.w.org\/{rel}","templated":true}]}}